{"id":6331,"date":"2022-07-19T08:00:19","date_gmt":"2022-07-19T08:00:19","guid":{"rendered":"https:\/\/www.obiettivouomo.it\/?page_id=6331"},"modified":"2025-05-06T10:51:39","modified_gmt":"2025-05-06T10:51:39","slug":"accreditamento-oepac-comune-di-roma","status":"publish","type":"page","link":"https:\/\/www.obiettivouomo.it\/?page_id=6331","title":{"rendered":"Accreditamento OEPAC Comune di Roma"},"content":{"rendered":"<div class=\"fusion-fullwidth fullwidth-box fusion-builder-row-1 fusion-flex-container nonhundred-percent-fullwidth non-hundred-percent-height-scrolling\" style=\"background-color: rgba(255,255,255,0);background-position: center center;background-repeat: no-repeat;border-width: 0px 0px 0px 0px;border-color:#eae9e9;border-style:solid;\" ><div class=\"fusion-builder-row fusion-row fusion-flex-align-items-flex-start\" style=\"max-width:1216.8px;margin-left: calc(-4% \/ 2 );margin-right: calc(-4% \/ 2 );\"><div class=\"fusion-layout-column fusion_builder_column fusion-builder-column-0 fusion_builder_column_1_1 1_1 fusion-flex-column\"><div class=\"fusion-column-wrapper fusion-flex-justify-content-flex-start fusion-content-layout-column\" style=\"background-position:left top;background-repeat:no-repeat;-webkit-background-size:cover;-moz-background-size:cover;-o-background-size:cover;background-size:cover;padding: 0px 0px 0px 0px;\"><div class=\"fusion-text fusion-text-1\"><h2 style=\"text-align: center\">ACCREDITAMENTO SERVIZIO SCUOLA (OEPAC)<\/h2>\n<\/div><div ><span class=\" fusion-imageframe imageframe-none imageframe-1 hover-type-none\"><img width=\"1211\" height=\"526\" title=\"SC\" src=\"https:\/\/www.obiettivouomo.it\/wp-content\/uploads\/2022\/07\/SC.png\" data-orig-src=\"https:\/\/www.obiettivouomo.it\/wp-content\/uploads\/2022\/07\/SC.png\" alt class=\"lazyload img-responsive wp-image-6365\" srcset=\"data:image\/svg+xml,%3Csvg%20xmlns%3D%27http%3A%2F%2Fwww.w3.org%2F2000%2Fsvg%27%20width%3D%271211%27%20height%3D%27526%27%20viewBox%3D%270%200%201211%20526%27%3E%3Crect%20width%3D%271211%27%20height%3D%27526%27%20fill-opacity%3D%220%22%2F%3E%3C%2Fsvg%3E\" data-srcset=\"https:\/\/www.obiettivouomo.it\/wp-content\/uploads\/2022\/07\/SC-200x87.png 200w, https:\/\/www.obiettivouomo.it\/wp-content\/uploads\/2022\/07\/SC-400x174.png 400w, https:\/\/www.obiettivouomo.it\/wp-content\/uploads\/2022\/07\/SC-600x261.png 600w, https:\/\/www.obiettivouomo.it\/wp-content\/uploads\/2022\/07\/SC-800x347.png 800w, https:\/\/www.obiettivouomo.it\/wp-content\/uploads\/2022\/07\/SC-1200x521.png 1200w, https:\/\/www.obiettivouomo.it\/wp-content\/uploads\/2022\/07\/SC.png 1211w\" data-sizes=\"auto\" data-orig-sizes=\"(max-width: 1024px) 100vw, (max-width: 640px) 100vw, 1200px\" \/><\/span><\/div><div class=\"fusion-text fusion-text-2\"><h2 style=\"text-align: center\"><\/h2>\n<p style=\"text-align: center\">A partire dall\u2019anno scolastico 2022-2023, il \u201cServizio educativo per il diritto allo studio, all\u2019autonomia e all\u2019inclusione scolastica degli alunni e delle alunne con disabilit\u00e0\u201d sar\u00e0 gestito mediante il Sistema di Accreditamento: ci\u00f2 significa che i genitori dovranno scegliere una Cooperativa, tra quelle iscritte al RUAS (Registro Unico accreditati Scuola), che fornir\u00e0 il servizio nella scuola.<\/p>\n<p style=\"text-align: center\">Informiamo, a tal fine, che la Obiettivo Uomo Societ\u00e0 Cooperativa Sociale ETS si \u00e8 accreditata, e quindi potr\u00e0 prestare il proprio servizio, nei seguenti Municipi e Ambiti Territoriali:<\/p>\n<h3 style=\"text-align: center\"><\/h3>\n<\/div><div style=\"text-align:center;\"><span class=\" fusion-imageframe imageframe-none imageframe-2 hover-type-none\"><img width=\"823\" height=\"744\" title=\"Municipi\" src=\"https:\/\/www.obiettivouomo.it\/wp-content\/uploads\/2022\/07\/Municipi.png\" data-orig-src=\"https:\/\/www.obiettivouomo.it\/wp-content\/uploads\/2022\/07\/Municipi.png\" alt class=\"lazyload img-responsive wp-image-6368\" srcset=\"data:image\/svg+xml,%3Csvg%20xmlns%3D%27http%3A%2F%2Fwww.w3.org%2F2000%2Fsvg%27%20width%3D%27823%27%20height%3D%27744%27%20viewBox%3D%270%200%20823%20744%27%3E%3Crect%20width%3D%27823%27%20height%3D%27744%27%20fill-opacity%3D%220%22%2F%3E%3C%2Fsvg%3E\" data-srcset=\"https:\/\/www.obiettivouomo.it\/wp-content\/uploads\/2022\/07\/Municipi-200x181.png 200w, https:\/\/www.obiettivouomo.it\/wp-content\/uploads\/2022\/07\/Municipi-400x362.png 400w, https:\/\/www.obiettivouomo.it\/wp-content\/uploads\/2022\/07\/Municipi-600x542.png 600w, https:\/\/www.obiettivouomo.it\/wp-content\/uploads\/2022\/07\/Municipi-800x723.png 800w, https:\/\/www.obiettivouomo.it\/wp-content\/uploads\/2022\/07\/Municipi.png 823w\" data-sizes=\"auto\" data-orig-sizes=\"(max-width: 1024px) 100vw, (max-width: 640px) 100vw, 823px\" \/><\/span><\/div><div class=\"fusion-separator fusion-full-width-sep\" style=\"align-self: center;margin-left: auto;margin-right: auto;margin-top:50px;width:100%;\"><\/div><div class=\"fusion-text fusion-text-3\"><p style=\"text-align: center\"><strong>L\u2019esperienza consolidata da pi\u00f9 di 20 anni, la professionalit\u00e0 di tutto il nostro personale, la continuit\u00e0 lavorativa degli OEPAC con gli alunni e il flusso continuo di comunicazioni da e verso la nostra utenza, le loro famiglie e le scuole, sono i punti di forza che garantiscono la <u>Qualit\u00e0<\/u> del nostro Servizio.<\/strong><\/p>\n<p style=\"text-align: center\"><strong>Per maggiori informazioni, clicca sui due link sotto e scarica la documentazione:<\/strong><\/p>\n<h3 style=\"text-align: center\"><a href=\"https:\/\/www.obiettivouomo.it\/wp-content\/uploads\/2022\/07\/ALLEGATO-F-4-luglio.pdf\" target=\"_blank\" rel=\"noopener\"><strong>&gt;&gt; SCHEDA TECNICA SULLE CARATTERISTICHE DEL SERVIZIO SCOLASTICO (allegato F) &lt;&lt;<\/strong><\/a><\/h3>\n<h3 style=\"text-align: center\"><a href=\"https:\/\/www.obiettivouomo.it\/wp-content\/uploads\/2025\/03\/f.-Carta-dei-servizi_Obiettivo-Uomo.pdf\" target=\"_blank\" rel=\"noopener\"><strong>&gt;&gt; CARTA DEI SERVIZI (vedi pagina 24-25) &lt;&lt;<\/strong><\/a><\/h3>\n<\/div><\/div><style type=\"text\/css\">.fusion-body .fusion-builder-column-0{width:100% !important;margin-top : 0px;margin-bottom : 0px;}.fusion-builder-column-0 > .fusion-column-wrapper {padding-top : 0px !important;padding-right : 0px !important;margin-right : 1.92%;padding-bottom : 0px !important;padding-left : 0px !important;margin-left : 1.92%;}@media only screen and (max-width:1024px) {.fusion-body .fusion-builder-column-0{width:100% !important;}.fusion-builder-column-0 > .fusion-column-wrapper {margin-right : 1.92%;margin-left : 1.92%;}}@media only screen and (max-width:640px) {.fusion-body .fusion-builder-column-0{width:100% !important;}.fusion-builder-column-0 > .fusion-column-wrapper {margin-right : 1.92%;margin-left : 1.92%;}}<\/style><\/div><\/div><style type=\"text\/css\">.fusion-body .fusion-flex-container.fusion-builder-row-1{ padding-top : 0px;margin-top : 0px;padding-right : 0px;padding-bottom : 0px;margin-bottom : 0px;padding-left : 0px;}<\/style><\/div>\n","protected":false},"excerpt":{"rendered":"","protected":false},"author":1,"featured_media":0,"parent":0,"menu_order":0,"comment_status":"closed","ping_status":"closed","template":"","meta":[],"_links":{"self":[{"href":"https:\/\/www.obiettivouomo.it\/index.php?rest_route=\/wp\/v2\/pages\/6331"}],"collection":[{"href":"https:\/\/www.obiettivouomo.it\/index.php?rest_route=\/wp\/v2\/pages"}],"about":[{"href":"https:\/\/www.obiettivouomo.it\/index.php?rest_route=\/wp\/v2\/types\/page"}],"author":[{"embeddable":true,"href":"https:\/\/www.obiettivouomo.it\/index.php?rest_route=\/wp\/v2\/users\/1"}],"replies":[{"embeddable":true,"href":"https:\/\/www.obiettivouomo.it\/index.php?rest_route=%2Fwp%2Fv2%2Fcomments&post=6331"}],"version-history":[{"count":19,"href":"https:\/\/www.obiettivouomo.it\/index.php?rest_route=\/wp\/v2\/pages\/6331\/revisions"}],"predecessor-version":[{"id":6913,"href":"https:\/\/www.obiettivouomo.it\/index.php?rest_route=\/wp\/v2\/pages\/6331\/revisions\/6913"}],"wp:attachment":[{"href":"https:\/\/www.obiettivouomo.it\/index.php?rest_route=%2Fwp%2Fv2%2Fmedia&parent=6331"}],"curies":[{"name":"wp","href":"https:\/\/api.w.org\/{rel}","templated":true}]}}