{"id":10,"date":"2022-01-19T14:55:25","date_gmt":"2022-01-19T14:55:25","guid":{"rendered":"http:\/\/www.obiettivouomo.it\/?page_id=10"},"modified":"2022-07-08T14:00:09","modified_gmt":"2022-07-08T14:00:09","slug":"privacy-policy","status":"publish","type":"page","link":"https:\/\/www.obiettivouomo.it\/?page_id=10","title":{"rendered":"Privacy policy"},"content":{"rendered":"<div class=\"fusion-fullwidth fullwidth-box fusion-builder-row-1 fusion-flex-container nonhundred-percent-fullwidth non-hundred-percent-height-scrolling\" style=\"background-color: rgba(255,255,255,0);background-position: center center;background-repeat: no-repeat;border-width: 0px 0px 0px 0px;border-color:#eae9e9;border-style:solid;\" ><div class=\"fusion-builder-row fusion-row fusion-flex-align-items-flex-start\" style=\"max-width:1216.8px;margin-left: calc(-4% \/ 2 );margin-right: calc(-4% \/ 2 );\"><div class=\"fusion-layout-column fusion_builder_column fusion-builder-column-0 fusion_builder_column_1_1 1_1 fusion-flex-column\"><div class=\"fusion-column-wrapper fusion-flex-justify-content-flex-start fusion-content-layout-column\" style=\"background-position:left top;background-repeat:no-repeat;-webkit-background-size:cover;-moz-background-size:cover;-o-background-size:cover;background-size:cover;padding: 0px 0px 0px 0px;\"><div class=\"fusion-text fusion-text-1\"><p><b>Privacy Policy del sito<\/b><b>\u00a0<\/b><b>www.obiettivouomo.it<\/b><\/p>\n<p>Per accedere immediatamente alla cookie policy\u00a0<a href=\"http:\/\/www.obiettivouomo.it\/?page_id=5900\" target=\"_blank\" rel=\"noopener\">cliccare qui<\/a><\/p>\n<p><strong>Introduzione<\/strong><\/p>\n<p>Per offrire i servizi personalizzati e non, previsti dal proprio sito internet, Obiettivo Uomo Societ\u00e0 Cooperativa Sociale Onlus (di seguito Obiettivo Uomo), in qualit\u00e0 di Titolare del trattamento, deve trattare alcuni dati identificativi necessari per l\u2019erogazione degli stessi.<\/p>\n<p>Ai sensi dell\u2019art. 13 GDPR 679\/2016 \u2013 \u201cRegolamento europeo sulla protezione dei dati personali\u201d e successivi aggiornamenti e rettifiche pubblicate nel maggio 2018 e in relazione ai dati personali che La riguardano e che formeranno oggetto del trattamento, Obiettivo Uomo garantisce, nell\u2019ambito delle previsioni normative, che il trattamento dei dati personali si svolge nel rispetto dei diritti e delle libert\u00e0 fondamentali, nonch\u00e9 della dignit\u00e0 dell\u2019interessato con particolare riferimento alla riservatezza, all\u2019identit\u00e0 personale, al diritto ed alla protezione dei dati personali stessi.<\/p>\n<p>In questo documento si descrivono le modalit\u00e0 di gestione del sito https:\/\/www.obiettivouomo.it in riferimento al trattamento dei dati personali di coloro che interagiscono con i servizi forniti: l\u2019informativa \u00e8 resa ai sensi del Regolamento Europeo sulla protezione dei dati personali\u201d 679\/2016 (di seguito GDPR) e ss solo per il sito in oggetto e non anche per altri siti eventualmente consultabili dall\u2019utente tramite link, di cui Obiettivo Uomo non \u00e8 in alcun modo responsabile.<\/p>\n<p>Questa informativa \u00e8 quindi redatta e personalizzata per i visitatori del sito https:\/\/www.obiettivouomo.it ed il presente documento annulla e sostituisce integralmente ogni eventuale altro documento che era stato pubblicato in precedenza in tema di privacy web e di cookies.<\/p>\n<p><strong>Informative Specifiche<\/strong><\/p>\n<p>Specifiche informative aggiuntive e contestuali sono riportate nelle pagine del sito, predisposte per particolari servizi a richiesta che prevedono form per la raccolta dei dati.<\/p>\n<p><strong>Tipologie di dati trattati<\/strong><\/p>\n<p>I dati personali possono essere raccolti in modo automatico durante la navigazione e l\u2019utilizzo del sito e dei servizi in esso previsti oppure essere inseriti volontariamente dall\u2019utente.<\/p>\n<p>Tra i dati personali raccolti dal Titolare in modo autonomo o tramite terze parti, ci potrebbero essere, a titolo esemplificativo e non esaustivo: cookies, dati di utilizzo, password, nome, cognome ed email.<\/p>\n<p><strong>Dati di navigazione e altri dati<\/strong><\/p>\n<p>I sistemi informatici e le procedure software preposte al funzionamento di questo sito web acquisiscono, nel corso del loro normale esercizio, alcuni dati personali la cui trasmissione \u00e8 implicita nell\u2019uso dei protocolli di comunicazione di internet. Si tratta di informazioni che non sono raccolte per essere associate a interessati identificati, ma che per loro stessa natura potrebbero, attraverso elaborazioni ed associazioni con dati detenuti da terzi, permettere di identificare gli utenti. In questa categoria di dati rientrano gli indirizzi IP o i nomi a dominio dei computer utilizzati dagli utenti che si connettono al sito, gli indirizzi in notazione URI (Uniform Resource Identifier) delle risorse richieste, l\u2019orario della richiesta, il metodo utilizzato nel sottoporre la richiesta al server, la dimensione del file ottenuto in risposta, il codice numerico indicante lo stato della risposta data dal server (buon fine, errore, \u2026) ed altri parametri relativi al sistema operativo e all\u2019ambiente informatico dell\u2019utente. Questi dati vengono utilizzati al solo fine di ricavare informazioni statistiche anonime sull\u2019uso del sito e per controllarne il corretto funzionamento e vengono cancellati immediatamente dopo l\u2019elaborazione. I dati potrebbero essere utilizzati per l\u2019accertamento di responsabilit\u00e0 in caso di ipotetici reati informatici ai danni del sito su richiesta delle Autorit\u00e0 preposte.<\/p>\n<p>L\u2019eventuale utilizzo di cookies \u2013 o di altri strumenti di tracciamento \u2013 da parte di questo sito o dei titolari dei servizi terzi eventualmente utilizzati da esso, ove non diversamente precisato, ha la finalit\u00e0 di identificare l\u2019utente e registrare le relative preferenze per finalit\u00e0 strettamente legate all\u2019erogazione del servizio richiesto dall\u2019utente stesso.<\/p>\n<p>Il mancato conferimento da parte dell\u2019utente di alcuni dati personali potrebbe impedire al sito di erogare i propri servizi.<\/p>\n<p><strong>Dati personali forniti volontariamente dall\u2019utente<\/strong><\/p>\n<p>In diversi punti di questo sito l\u2019utente ha la possibilit\u00e0 di trasmettere propri dati personali (es. indirizzo e-mail, nome, altri dati anagrafici e non) anche mediante la compilazione di forms o l\u2019invio di messaggi di posta elettronica. Il conferimento di questi dati avviene su base facoltativa, esplicita e volontaria, e comporta la successiva acquisizione dell\u2019indirizzo email del mittente, necessario per rispondere alle richieste, nonch\u00e9 degli eventuali altri dati personali inseriti per le finalit\u00e0 del servizio e quelle ulteriormente concesse dall\u2019utente. Specifiche informative di sintesi sono presenti nelle pagine che prevedono i forms, con l\u2019eventuale indicazione dell\u2019obbligatoriet\u00e0 del conferimento dei dati necessari per usufruire dello specifico servizio.<\/p>\n<p>L\u2019utente si assume la responsabilit\u00e0 dei dati personali di terzi eventualmente pubblicati o condivisi mediante questo sito e garantisce di avere il diritto di comunicarli o diffonderli, liberando il Titolare da qualsiasi responsabilit\u00e0 verso terzi.<\/p>\n<p><strong>Base giuridica del trattamento<\/strong><\/p>\n<p>I dati personali sono trattati, come meglio evidenziato nel paragrafo successivo, esclusivamente per finalit\u00e0 relative all\u2019attivit\u00e0 di Obiettivo Uomo e agli adempimenti ad essa connessi; le basi giuridiche sono rinvenibili nel consenso (es. per il trattamento delle \u201ccategorie particolari di dati personali\u201d o per marketing\/profilazione) e\/o nell\u2019esecuzione di un contratto o di un servizio di nostra gestione di cui l\u2019utente \u00e8 parte o nell\u2019esecuzione di misure precontrattuali adottate su richiesta dell\u2019utente e\/o nell\u2019adempiere a obblighi legali ai quali \u00e8 soggetto lo scrivente Titolare e\/o nel legittimo interesse dello stesso.<\/p>\n<p><strong>Finalit\u00e0 del trattamento<\/strong><\/p>\n<p>I dati dell\u2019utente sono raccolti e trattati per le seguenti finalit\u00e0:<\/p>\n<ul>\n<li>svolgimento di operazioni strettamente connesse e strumentali alla gestione dei rapporti con gli utenti o dei visitatori del sito, quali:\n<ul>\n<li>navigazione;<\/li>\n<li>registrazione ed autenticazione;<\/li>\n<\/ul>\n<\/li>\n<li>raccolta, conservazione ed elaborazione dei dati dell\u2019utente per:\n<ul>\n<li>analisi statistiche anche in forma anonima e\/o aggregata;<\/li>\n<li>analisi statistiche volte alla verifica della qualit\u00e0 dei servizi offerti dal sito;<\/li>\n<\/ul>\n<\/li>\n<\/ul>\n<p>Ulteriori finalit\u00e0 di trattamento potrebbero essere poste in atto, previo rilascio di esplicito consenso, quando necessario, in relazione ai servizi attivabili all\u2019interno del sito e tra queste rientrano, a titolo esemplificativo e non esaustivo: interazione con social network e piattaforme esterne,\u00a0 applicazioni sociali,\u00a0 interazione con le piattaforme di supporto e di feedback, monitoraggio dell\u2019infrastruttura, ottimizzazione e distribuzione del traffico, interazione con le piattaforme di live chat, remarketing e behavioral targeting, gestione indirizzi e invio di messaggi email, visualizzazione di contenuti da piattaforme esterne, affiliazione commerciale, heat mapping, gestione dei database di utenti e gestione delle richieste di supporto e contatto.<\/p>\n<p><strong>Facolt\u00e0 di conferire i dati, conseguenze di un eventuale rifiuto e gestione del consenso, ove previsto<\/strong><\/p>\n<p>Il conferimento dei dati \u00e8 facoltativo, salvo per quelli indicati come obbligatori per permettere all\u2019utente di accedere ai servizi offerti.<\/p>\n<p>Il trattamento dei dati per l\u2019espletamento della finalit\u00e0, di cui al punto 1 del precedente paragrafo, \u00e8 obbligatoria e l\u2019eventuale non comunicazione, o comunicazione errata, di una delle informazioni pu\u00f2 limitare e\/o impedire l\u2019utilizzo in pieno delle funzionalit\u00e0 e dei servizi presenti sul sito.<\/p>\n<p>Relativamente al conferimento facoltativo vengono rese maggiori informazioni relative ai cookies presenti sul sito nel documento\u00a0<a href=\"http:\/\/www.obiettivouomo.it\/?page_id=5900\" target=\"_blank\" rel=\"noopener\"><u>\u201cCookies Policy\u201d<\/u>\u00a0<\/a>accessibile sia dalla presente informativa completa che dall\u2019informativa breve contenuta nel banner pubblicato sul sito.<\/p>\n<p>Inoltre, solo con l\u2019espresso consenso dell\u2019utente i dati potranno essere utilizzati per effettuare comunicazioni per indagini di mercato o di informazioni commerciali sui prodotti e sulle iniziative promozionali del Titolare mediante mailing postale, posta elettronica, telemarketing, sms, mms.<\/p>\n<p>In ogni momento sar\u00e0 possibile rileggere l\u2019informativa ed eventualmente modificare i consensi precedentemente forniti, verificare e\/o modificare lo stato dei servizi attivi ed eventualmente richiedere servizi aggiuntivi.<\/p>\n<p><strong>Modalit\u00e0 del trattamento<\/strong><\/p>\n<p>Il trattamento dei dati personali potr\u00e0 effettuarsi con o senza l\u2019ausilio di mezzi elettronici e comunque automatizzati, anche associandoli ed integrandoli con altri database, e anche mediante cookies. In ogni caso il trattamento sar\u00e0 effettuato nell\u2019osservanza di ogni misura cautelativa, che ne garantisca la sicurezza e la riservatezza, per il tempo necessario allo svolgimento del servizio richiesto dall\u2019utente, o richiesto dalle finalit\u00e0 descritte in questo documento, e l\u2019utente pu\u00f2 sempre chiedere l\u2019interruzione del trattamento o la cancellazione dei dati.<\/p>\n<p>Obiettivo Uomo ha inoltre predisposto tutte le misure di sicurezza informatica, nel rispetto delle modalit\u00e0 indicate nel GDPR con l\u2019adozione delle misure di sicurezza ritenute adeguate al fine di ridurre al minimo il rischio di violazione della privacy degli utenti da parte di terzi, aggiornate costantemente e ogniqualvolta si dimostri indispensabile.<\/p>\n<p>I dati sono trattati presso le sedi operative del Titolare ed in ogni altro luogo in cui le parti coinvolte nel trattamento siano localizzate. Per ulteriori informazioni, \u00e8 possibile contattare il Titolare ai recapiti di seguito specificati.<\/p>\n<p><strong>Tempi di conservazione<\/strong><\/p>\n<p>I dati personali saranno trattati per il tempo strettamente necessario a conseguire gli scopi, sopra descritti, per adempiere ad obblighi contrattuali, di legge e di regolamento fatti salvi i termini prescrizionali e di legge, nel rispetto dei diritti e in ottemperanza degli obblighi conseguenti.<\/p>\n<p>In particolare, criteri utilizzati per determinare il periodo di conservazione sono stabiliti da specifiche norme di legge, e dalla normativa fiscale per quanto riguarda il trattamento dei dati amministrativo-contabili.<\/p>\n<p>Con riferimento ai dati raccolti per finalit\u00e0 commerciali i dettagli sono limitati \u2013 per l\u2019attivit\u00e0 di profilazione \u2013 a 1 anno dalla data di acquisizione e 2 anni per l\u2019attivit\u00e0 di marketing diretto.<\/p>\n<p>I dati personali dell\u2019utente del sito, infine, potranno essere conservati anche fino al tempo permesso dalla legge italiana a tutela degli interessi legittimi della societ\u00e0 Titolare (art. 2947, co. 1 e 3 c.c.)\u201d.<\/p>\n<p><strong>Ambito di conoscenza dei dati<\/strong><\/p>\n<p>Il trattamento dei dati personali sar\u00e0 effettuato, nei limiti delle autorizzazioni di carattere generale rilasciate dal Garante per la protezione dei dati personali, a mezzo di soggetti espressamente e specificamente autorizzati da Obiettivo Uomo. I dati potranno altres\u00ec essere trattati da soggetti terzi (outsourcer), di cui ci si avvale per l\u2019erogazione di servizi connessi alla finalit\u00e0 perseguita, che la nostra organizzazione vincola con apposite clausole contrattuali o atti di nomina formale a Responsabili Esterni per i trattamenti da questi posti in essere. In tutti i casi, tali soggetti tratteranno i dati conformemente alle istruzioni ricevute dal Titolare, secondo profili operativi agli stessi attribuiti in relazione alle funzioni svolte, limitatamente a quanto necessario e strumentale per l\u2019esecuzione di specifiche operazioni nell\u2019ambito dei servizi richiesti ed esclusivamente per il conseguimento delle finalit\u00e0 indicate nella presente informativa. L\u2019elenco dei Responsabili del trattamento, costantemente aggiornato, pu\u00f2 essere richiesto inviando una comunicazione con le modalit\u00e0 indicate al successivo punto riguardante i diritti dell\u2019interessato.<\/p>\n<p><strong>Comunicazione e diffusione<\/strong><\/p>\n<p>I dati potranno essere comunicati, con tale termine intendendosi il darne conoscenza ad uno o pi\u00f9 soggetti determinati, nei seguenti termini:<\/p>\n<ul>\n<li>a soggetti, pubblici e privati, che possono accedere ai dati in forza di disposizione di legge, di regolamento o di normativa comunitaria, nei limiti previsti da tali norme (si citano ad esempio, istituti ed enti previdenziali e assistenziali, associazioni di enti locali, amministrazioni ed enti pubblici, associazioni, fondazioni, enti od organismi di tipo associativo e\/o assicurativo);<\/li>\n<li>a soggetti che hanno necessit\u00e0 di accedere ai dati per finalit\u00e0 ausiliare al rapporto che intercorre tra le parti, nei limiti strettamente necessari per svolgere i compiti ausiliari (si citano a titolo indicativo, banche ed istituti di credito, societ\u00e0 di erogazione servizi, vettori e societ\u00e0 di spedizioni);<\/li>\n<li>a soggetti nostri consulenti, nei limiti necessari per svolgere il loro incarico presso la nostra organizzazione, previo nostra lettera di incarico che imponga il dovere di riservatezza e sicurezza;<\/li>\n<li>a societ\u00e0 (che forniscono servizi ausiliari, anche informatici), previa sottoscrizione di opportune clausole contrattuali che impongano il dovere di riservatezza e sicurezza.<\/li>\n<\/ul>\n<p>I dati non verranno diffusi, con tale termine intendendosi il darne conoscenza a soggetti indeterminati in qualunque modo, anche mediante la loro messa a disposizione o consultazione, a meno di uno specifico consenso, libero ed informato, concesso per ciascun tipo di trattamento.<\/p>\n<p><strong>Difesa in giudizio<\/strong><\/p>\n<p>I dati personali dell\u2019utente possono essere utilizzati per la difesa da parte del Titolare in giudizio o nelle fasi propedeutiche alla sua eventuale instaurazione, da abusi nell\u2019utilizzo della stessa o dei servizi connessi da parte dell\u2019utente. L\u2019utente dichiara di essere consapevole che il Titolare potrebbe essere richiesto di rivelare i dati su richiesta delle pubbliche autorit\u00e0.<\/p>\n<p><strong>Titolare del Trattamento<\/strong><\/p>\n<p>Titolare del trattamento dei dati personali \u00e8 Obiettivo Uomo con sede legale in Via Ostiense 131\/L &#8211; Roma Per contatti: info@obiettivouomo.eu<\/p>\n<p>Il Titolare conserva una lista aggiornata dei responsabili nominati, e ne garantisce la presa visione all\u2019interessato presso la sede sopra indicata.<\/p>\n<p><strong>Responsabile del Trattamento<\/strong><\/p>\n<p>E&#8217; la persona fisica, giuridica, la pubblica amministrazione e qualsiasi altro ente che tratta dati personali per conto del Titolare, secondo quanto esposto nella presente privacy policy. L&#8217;hosting \u00e8 a cura di Host S.p.A. . Corso Svizzera, 185 Torino<\/p>\n<p><strong>Responsabile della Protezione dei Dati<\/strong><\/p>\n<p>Emanuela Cusmai &#8211; dpoprivacy@obiettivouomo.it<\/p>\n<p><strong>Diritti dell\u2019interessato<\/strong><\/p>\n<p>I soggetti interessati, cui si riferiscono i dati personali, hanno facolt\u00e0 di esercitare in ogni momento i diritti (Diritto di accesso ai dati personali ed altri diritti), in particolare: diritto di ottenere la conferma dell\u2019esistenza o meno dei propri dati personali, di accedervi e di conoscerne il contenuto e l\u2019origine, di verificarne l\u2019esattezza, di chiederne l\u2019integrazione o l\u2019aggiornamento, limitazione del trattamento o portabilit\u00e0. La rettificazione e il blocco possono essere richiesti se i dati risultano incompleti, erronei o raccolti in violazione della normativa vigente ed in tal senso \u00e8 anche possibile opporsi al loro trattamento per motivi legittimi o a qualsiasi processo decisionale automatizzato (compreso la profilazione), cos\u00ec come \u00e8 possibile richiedere, per gli stessi motivi anche la cancellazione purch\u00e9 in conformit\u00e0 alle norme vigenti e qualora non esistano altri obblighi di conservazione e trattamento in capo a Obiettivo Uomo. I soggetti interessati hanno, altres\u00ec, il diritto di opposizione al trattamento dei propri dati personali per le finalit\u00e0 di marketing anche se effettuato con modalit\u00e0 automatizzate di contatto; tale diritto si estende anche a quelle tradizionali e i soggetti interessati potranno esercitare tali diritti in tutto o in parte (es. solo alle comunicazioni tramite sms, e-mail o telefono ovvero opponendosi al solo invio di comunicazioni promozionali effettuato tramite strumenti automatizzati, etc.).<\/p>\n<p>In merito all\u2019esercizio dei propri diritti sopra elencati, cos\u00ec come per conoscere l\u2019elenco aggiornato dei responsabili del trattamento dei dati personali, il soggetto interessato potr\u00e0 rivolgere le proprie richieste attraverso specifica comunicazione a mezzo posta indirizzata alla medesima Societ\u00e0, o attraverso la casella di posta elettronica: info@obiettivouomo.eu, anche inviando comunicazione all\u2019indirizzo e-mail indicato, al fine di ottenere tempestivo riscontro.<\/p>\n<p>Qualora il soggetto interessato abbia prestato il consenso al trattamento per una specifica finalit\u00e0, lo stesso ha sempre il diritto di revocarlo in qualsiasi momento senza pregiudicare la liceit\u00e0 del trattamento basata sul consenso prestato prima della revoca.<\/p>\n<p>Si ricorda inoltre che il soggetto interessato ha sempre il diritto di proporre un reclamo all\u2019Autorit\u00e0 Garante per la protezione dei dati personali per l\u2019esercizio dei suoi diritti o per qualsiasi altra questione relativa al trattamento dei suoi dati personali.<\/p>\n<p><strong>Applicazione e modifiche alla presente informativa<\/strong><\/p>\n<p>Il Titolare del trattamento si riserva il diritto di apportare modifiche alla presente privacy policy in qualunque momento dandone pubblicit\u00e0 agli utenti su questa pagina. Si consiglia dunque di consultare spesso questa pagina, prendendo come riferimento la data di ultima modifica indicata in fondo. Nel caso di mancata accettazione delle modifiche apportate alla presente privacy policy, l\u2019utente \u00e8 tenuto a cessare l\u2019utilizzo di questo sito e dei servizi connessi e pu\u00f2 richiedere al Titolare del trattamento di rimuovere i propri dati personali. Salvo quanto diversamente specificato, la precedente privacy policy continuer\u00e0 ad applicarsi ai dati personali sino a quel momento raccolti.<\/p>\n<p><strong>Ultimo aggiornamento<\/strong><br \/>19\/01\/2022<\/p>\n<\/div><\/div><style type=\"text\/css\">.fusion-body .fusion-builder-column-0{width:100% !important;margin-top : 0px;margin-bottom : 0px;}.fusion-builder-column-0 > .fusion-column-wrapper {padding-top : 0px !important;padding-right : 0px !important;margin-right : 1.92%;padding-bottom : 0px !important;padding-left : 0px !important;margin-left : 1.92%;}@media only screen and (max-width:1024px) {.fusion-body .fusion-builder-column-0{width:100% !important;}.fusion-builder-column-0 > .fusion-column-wrapper {margin-right : 1.92%;margin-left : 1.92%;}}@media only screen and (max-width:640px) {.fusion-body .fusion-builder-column-0{width:100% !important;}.fusion-builder-column-0 > .fusion-column-wrapper {margin-right : 1.92%;margin-left : 1.92%;}}<\/style><\/div><\/div><style type=\"text\/css\">.fusion-body .fusion-flex-container.fusion-builder-row-1{ padding-top : 0px;margin-top : 0px;padding-right : 0px;padding-bottom : 0px;margin-bottom : 0px;padding-left : 0px;}<\/style><\/div>","protected":false},"excerpt":{"rendered":"","protected":false},"author":1,"featured_media":0,"parent":0,"menu_order":0,"comment_status":"closed","ping_status":"closed","template":"","meta":[],"_links":{"self":[{"href":"https:\/\/www.obiettivouomo.it\/index.php?rest_route=\/wp\/v2\/pages\/10"}],"collection":[{"href":"https:\/\/www.obiettivouomo.it\/index.php?rest_route=\/wp\/v2\/pages"}],"about":[{"href":"https:\/\/www.obiettivouomo.it\/index.php?rest_route=\/wp\/v2\/types\/page"}],"author":[{"embeddable":true,"href":"https:\/\/www.obiettivouomo.it\/index.php?rest_route=\/wp\/v2\/users\/1"}],"replies":[{"embeddable":true,"href":"https:\/\/www.obiettivouomo.it\/index.php?rest_route=%2Fwp%2Fv2%2Fcomments&post=10"}],"version-history":[{"count":10,"href":"https:\/\/www.obiettivouomo.it\/index.php?rest_route=\/wp\/v2\/pages\/10\/revisions"}],"predecessor-version":[{"id":6301,"href":"https:\/\/www.obiettivouomo.it\/index.php?rest_route=\/wp\/v2\/pages\/10\/revisions\/6301"}],"wp:attachment":[{"href":"https:\/\/www.obiettivouomo.it\/index.php?rest_route=%2Fwp%2Fv2%2Fmedia&parent=10"}],"curies":[{"name":"wp","href":"https:\/\/api.w.org\/{rel}","templated":true}]}}